{"id":185,"date":"2014-06-12T17:34:09","date_gmt":"2014-06-12T15:34:09","guid":{"rendered":"http:\/\/guiamanresa.net\/votem\/?page_id=185"},"modified":"2017-03-02T11:38:55","modified_gmt":"2017-03-02T10:38:55","slug":"roda-premsa-votem-120614","status":"publish","type":"page","link":"http:\/\/guiamanresa.net\/votem\/roda-premsa-votem-120614\/","title":{"rendered":"Roda premsa VOTEM!!! 12\/06\/14"},"content":{"rendered":"<p>Imatges roda de premsa Votem!!! a la pla\u00e7a de la reforma de Manresa<\/p>\n<p><a class=\"boxersandswipers\" title=\"Rodadepremsa_votem\" href=\"http:\/\/guiamanresa.net\/votem\/wp-content\/uploads\/2014\/06\/Rodadepremsa_votem.jpg\"><img loading=\"lazy\" decoding=\"async\" class=\"alignnone size-medium wp-image-186\" src=\"http:\/\/guiamanresa.net\/votem\/wp-content\/uploads\/2014\/06\/Rodadepremsa_votem-300x200.jpg\" alt=\"Rodadepremsa_votem\" width=\"300\" height=\"200\" srcset=\"http:\/\/guiamanresa.net\/votem\/wp-content\/uploads\/2014\/06\/Rodadepremsa_votem-300x200.jpg 300w, http:\/\/guiamanresa.net\/votem\/wp-content\/uploads\/2014\/06\/Rodadepremsa_votem.jpg 1024w\" sizes=\"(max-width: 300px) 100vw, 300px\" \/><\/a> <a class=\"boxersandswipers\" title=\"Rodadepremsa_votem_1\" href=\"http:\/\/guiamanresa.net\/votem\/wp-content\/uploads\/2014\/06\/Rodadepremsa_votem_1.jpg\"><img loading=\"lazy\" decoding=\"async\" class=\"alignnone size-medium wp-image-187\" src=\"http:\/\/guiamanresa.net\/votem\/wp-content\/uploads\/2014\/06\/Rodadepremsa_votem_1-300x200.jpg\" alt=\"Rodadepremsa_votem_1\" width=\"300\" height=\"200\" srcset=\"http:\/\/guiamanresa.net\/votem\/wp-content\/uploads\/2014\/06\/Rodadepremsa_votem_1-300x200.jpg 300w, http:\/\/guiamanresa.net\/votem\/wp-content\/uploads\/2014\/06\/Rodadepremsa_votem_1.jpg 1024w\" sizes=\"(max-width: 300px) 100vw, 300px\" \/><\/a> <a class=\"boxersandswipers\" title=\"Rodadepremsa_votem_2\" href=\"http:\/\/guiamanresa.net\/votem\/wp-content\/uploads\/2014\/06\/Rodadepremsa_votem_2.jpg\"><img loading=\"lazy\" decoding=\"async\" class=\"alignnone size-medium wp-image-188\" src=\"http:\/\/guiamanresa.net\/votem\/wp-content\/uploads\/2014\/06\/Rodadepremsa_votem_2-300x200.jpg\" alt=\"Rodadepremsa_votem_2\" width=\"300\" height=\"200\" srcset=\"http:\/\/guiamanresa.net\/votem\/wp-content\/uploads\/2014\/06\/Rodadepremsa_votem_2-300x200.jpg 300w, http:\/\/guiamanresa.net\/votem\/wp-content\/uploads\/2014\/06\/Rodadepremsa_votem_2.jpg 1024w\" sizes=\"(max-width: 300px) 100vw, 300px\" \/><\/a> <a class=\"boxersandswipers\" title=\"Rodadepremsa_votem_3\" href=\"http:\/\/guiamanresa.net\/votem\/wp-content\/uploads\/2014\/06\/Rodadepremsa_votem_3.jpg\"><img loading=\"lazy\" decoding=\"async\" class=\"alignnone size-medium wp-image-189\" src=\"http:\/\/guiamanresa.net\/votem\/wp-content\/uploads\/2014\/06\/Rodadepremsa_votem_3-300x200.jpg\" alt=\"Rodadepremsa_votem_3\" width=\"300\" height=\"200\" srcset=\"http:\/\/guiamanresa.net\/votem\/wp-content\/uploads\/2014\/06\/Rodadepremsa_votem_3-300x200.jpg 300w, http:\/\/guiamanresa.net\/votem\/wp-content\/uploads\/2014\/06\/Rodadepremsa_votem_3.jpg 1024w\" sizes=\"(max-width: 300px) 100vw, 300px\" \/><\/a> <a class=\"boxersandswipers\" title=\"Rodadepremsa_votem_4\" href=\"http:\/\/guiamanresa.net\/votem\/wp-content\/uploads\/2014\/06\/Rodadepremsa_votem_4.jpg\"><img loading=\"lazy\" decoding=\"async\" class=\"alignnone size-medium wp-image-190\" src=\"http:\/\/guiamanresa.net\/votem\/wp-content\/uploads\/2014\/06\/Rodadepremsa_votem_4-300x200.jpg\" alt=\"Rodadepremsa_votem_4\" width=\"300\" height=\"200\" srcset=\"http:\/\/guiamanresa.net\/votem\/wp-content\/uploads\/2014\/06\/Rodadepremsa_votem_4-300x200.jpg 300w, http:\/\/guiamanresa.net\/votem\/wp-content\/uploads\/2014\/06\/Rodadepremsa_votem_4.jpg 1024w\" sizes=\"(max-width: 300px) 100vw, 300px\" \/><\/a> <a class=\"boxersandswipers\" title=\"Rodadepremsa_votem_jaume_dastre\" href=\"http:\/\/guiamanresa.net\/votem\/wp-content\/uploads\/2014\/06\/Rodadepremsa_votem_jaume_dastre.jpg\"><img loading=\"lazy\" decoding=\"async\" class=\"alignnone size-medium wp-image-191\" src=\"http:\/\/guiamanresa.net\/votem\/wp-content\/uploads\/2014\/06\/Rodadepremsa_votem_jaume_dastre-300x200.jpg\" alt=\"Rodadepremsa_votem_jaume_dastre\" width=\"300\" height=\"200\" srcset=\"http:\/\/guiamanresa.net\/votem\/wp-content\/uploads\/2014\/06\/Rodadepremsa_votem_jaume_dastre-300x200.jpg 300w, http:\/\/guiamanresa.net\/votem\/wp-content\/uploads\/2014\/06\/Rodadepremsa_votem_jaume_dastre.jpg 1024w\" sizes=\"(max-width: 300px) 100vw, 300px\" \/><\/a><\/p>\n<p><strong>PRESENTACI\u00d3 ACTE \u201cVOTEM !!!!\u201d<\/strong><\/p>\n<p><strong>NOTA DE PREMSA<\/strong><\/p>\n<p>Aquest migdia a la Pla\u00e7a de La Reforma de Manresa s\u2019ha fet l\u2019acte de presentaci\u00f3 als mitjans de l\u2019acte \u201cVOTEM !!!!\u201d que , organitzat per les entitats adherides al Pacte del Bages pel Dret a Decidir, es far\u00e0 el proper dia 29 de juny, a partir de les 10 del mat\u00ed, a la mateixa pla\u00e7a.<\/p>\n<p>En nom del Pacte, el seu representant <strong>Pere-Joan Cardona<\/strong> ha donat la benvinguda als assistents i ha posat de relleu l\u2019extraordin\u00e0ria empenta que ha assolit el Pacte amb m\u00e9s de 200 entitats adherides. Despr\u00e9s, en representaci\u00f3 d\u2019aquestes entitats, ha parlat en <strong>Francesc Archs<\/strong>, president del Col.legi d\u2019Enginyers T\u00e8cnics Industrials, qui ha comentat que en un pa\u00eds normal aquesta actes ja no caldria fer-los at\u00e8s que el Dret a Decidir, com a dret fonamental que \u00e9s, hauria de ser respectat i tolerat tal com passa en altres pa\u00efsos. Seguidament, L\u2019<strong>Antoni Bozzo<\/strong>, coordinador de l\u2019acte, ha explicat la seva estructura.\u00a0 L\u2019acte comen\u00e7ar\u00e0 de bon mat\u00ed amb la formaci\u00f3 de cinc caravanes de cotxes que sortiran de les cap\u00e7aleres dels sis eixos viaris de la comarca (Cardona, Nav\u00e0s, Ol\u00f3, Moi\u00e0, Monistrol de Montserrat i Castellfollit-Maians). Aquestes caravanes portaran a Manresa la gent de la comarca. Un cop a la ciutat, marxaran, junt amb els manresans i manresanes que s\u2019hi afegeixin, cap a la pla\u00e7a de la Reforma mitjan\u00e7ant tres cercaviles en les que hi participaran diferents entitats de cultura popular. A la Pla\u00e7a de la Reforma, les entitats adherides al Pacte participaran en un acte molt espectacular i carregat de simbolisme. Seguidament hi haur\u00e0 un torn de parlaments que obrir\u00e0 l\u2019alcalde de la ciutat; tamb\u00e9 comptarem amb la pres\u00e8ncia d\u2019algun medi\u00e0tic. Finalment, els assistents a l\u2019acte faran un gran mosaic en el que hi destacar\u00e0 la \u201cV\u201d de Votem.En <strong>Jordi Pesarrodona <\/strong>ha explicat la part art\u00edstica de l\u2019acte, que comptar\u00e0 amb moltes sorpreses des de la confecci\u00f3 d\u2019un mur en el que hi participen les entitats adherides al Pacte del Bages pel Dret a Decidir a escultures humanes\u00a0 i grups de teatre, corals i altres arts de teatre de carrer, representaran escenes relacionades amb el dret a votar, l\u2019acte comptar\u00e0 tamb\u00e9 amb l\u2019actuaci\u00f3 d\u2019algun grup de m\u00fasica. tamb\u00e9 durant el mati al carrer Alfons XII hi haur\u00e0 una fira amb parades\u00a0 de productes varis nacionals i de productes de la terra.<\/p>\n<p>Pacte del Bages pel Dret a Decidir<\/p>\n<!-- AddThis Advanced Settings generic via filter on the_content -->","protected":false},"excerpt":{"rendered":"<p>Imatges roda de premsa Votem!!! a la pla\u00e7a de la reforma de Manresa PRESENTACI\u00d3 ACTE \u201cVOTEM !!!!\u201d NOTA DE PREMSA Aquest migdia a la Pla\u00e7a de La Reforma de Manresa s\u2019ha fet l\u2019acte de presentaci\u00f3 als mitjans de l\u2019acte \u201cVOTEM &hellip; <a href=\"http:\/\/guiamanresa.net\/votem\/roda-premsa-votem-120614\/\">Continua llegint <span class=\"meta-nav\">&rarr;<\/span><\/a><!-- AddThis Advanced Settings generic via filter on wp_trim_excerpt --><\/p>\n","protected":false},"author":1,"featured_media":0,"parent":0,"menu_order":0,"comment_status":"closed","ping_status":"closed","template":"","meta":{"ngg_post_thumbnail":0,"footnotes":""},"yoast_head":"<!-- This site is optimized with the Yoast SEO plugin v22.8 - https:\/\/yoast.com\/wordpress\/plugins\/seo\/ -->\n<title>Roda premsa VOTEM!!! 12\/06\/14 - VOTEM !!!<\/title>\n<meta name=\"robots\" content=\"index, follow, max-snippet:-1, max-image-preview:large, max-video-preview:-1\" \/>\n<link rel=\"canonical\" href=\"http:\/\/guiamanresa.net\/votem\/roda-premsa-votem-120614\/\" \/>\n<meta property=\"og:locale\" content=\"ca_ES\" \/>\n<meta property=\"og:type\" content=\"article\" \/>\n<meta property=\"og:title\" content=\"Roda premsa VOTEM!!! 12\/06\/14 - VOTEM !!!\" \/>\n<meta property=\"og:description\" content=\"Imatges roda de premsa Votem!!! a la pla\u00e7a de la reforma de Manresa PRESENTACI\u00d3 ACTE \u201cVOTEM !!!!\u201d NOTA DE PREMSA Aquest migdia a la Pla\u00e7a de La Reforma de Manresa s\u2019ha fet l\u2019acte de presentaci\u00f3 als mitjans de l\u2019acte \u201cVOTEM &hellip; Continua llegint &rarr;\" \/>\n<meta property=\"og:url\" content=\"http:\/\/guiamanresa.net\/votem\/roda-premsa-votem-120614\/\" \/>\n<meta property=\"og:site_name\" content=\"VOTEM !!!\" \/>\n<meta property=\"article:modified_time\" content=\"2017-03-02T10:38:55+00:00\" \/>\n<meta property=\"og:image\" content=\"http:\/\/guiamanresa.net\/votem\/wp-content\/uploads\/2014\/06\/Rodadepremsa_votem-300x200.jpg\" \/>\n<meta name=\"twitter:label1\" content=\"Temps estimat de lectura\" \/>\n\t<meta name=\"twitter:data1\" content=\"2 minuts\" \/>\n<script type=\"application\/ld+json\" class=\"yoast-schema-graph\">{\"@context\":\"https:\/\/schema.org\",\"@graph\":[{\"@type\":\"WebPage\",\"@id\":\"http:\/\/guiamanresa.net\/votem\/roda-premsa-votem-120614\/\",\"url\":\"http:\/\/guiamanresa.net\/votem\/roda-premsa-votem-120614\/\",\"name\":\"Roda premsa VOTEM!!! 12\/06\/14 - VOTEM !!!\",\"isPartOf\":{\"@id\":\"http:\/\/guiamanresa.net\/votem\/#website\"},\"primaryImageOfPage\":{\"@id\":\"http:\/\/guiamanresa.net\/votem\/roda-premsa-votem-120614\/#primaryimage\"},\"image\":{\"@id\":\"http:\/\/guiamanresa.net\/votem\/roda-premsa-votem-120614\/#primaryimage\"},\"thumbnailUrl\":\"http:\/\/guiamanresa.net\/votem\/wp-content\/uploads\/2014\/06\/Rodadepremsa_votem-300x200.jpg\",\"datePublished\":\"2014-06-12T15:34:09+00:00\",\"dateModified\":\"2017-03-02T10:38:55+00:00\",\"breadcrumb\":{\"@id\":\"http:\/\/guiamanresa.net\/votem\/roda-premsa-votem-120614\/#breadcrumb\"},\"inLanguage\":\"ca\",\"potentialAction\":[{\"@type\":\"ReadAction\",\"target\":[\"http:\/\/guiamanresa.net\/votem\/roda-premsa-votem-120614\/\"]}]},{\"@type\":\"ImageObject\",\"inLanguage\":\"ca\",\"@id\":\"http:\/\/guiamanresa.net\/votem\/roda-premsa-votem-120614\/#primaryimage\",\"url\":\"http:\/\/guiamanresa.net\/votem\/wp-content\/uploads\/2014\/06\/Rodadepremsa_votem.jpg\",\"contentUrl\":\"http:\/\/guiamanresa.net\/votem\/wp-content\/uploads\/2014\/06\/Rodadepremsa_votem.jpg\",\"width\":1024,\"height\":683},{\"@type\":\"BreadcrumbList\",\"@id\":\"http:\/\/guiamanresa.net\/votem\/roda-premsa-votem-120614\/#breadcrumb\",\"itemListElement\":[{\"@type\":\"ListItem\",\"position\":1,\"name\":\"Home\",\"item\":\"http:\/\/guiamanresa.net\/votem\/\"},{\"@type\":\"ListItem\",\"position\":2,\"name\":\"Roda premsa VOTEM!!! 12\/06\/14\"}]},{\"@type\":\"WebSite\",\"@id\":\"http:\/\/guiamanresa.net\/votem\/#website\",\"url\":\"http:\/\/guiamanresa.net\/votem\/\",\"name\":\"VOTEM !!!\",\"description\":\"Vine a dir-ho alt i clar: volem votar!\",\"potentialAction\":[{\"@type\":\"SearchAction\",\"target\":{\"@type\":\"EntryPoint\",\"urlTemplate\":\"http:\/\/guiamanresa.net\/votem\/?s={search_term_string}\"},\"query-input\":\"required name=search_term_string\"}],\"inLanguage\":\"ca\"}]}<\/script>\n<!-- \/ Yoast SEO plugin. -->","yoast_head_json":{"title":"Roda premsa VOTEM!!! 12\/06\/14 - VOTEM !!!","robots":{"index":"index","follow":"follow","max-snippet":"max-snippet:-1","max-image-preview":"max-image-preview:large","max-video-preview":"max-video-preview:-1"},"canonical":"http:\/\/guiamanresa.net\/votem\/roda-premsa-votem-120614\/","og_locale":"ca_ES","og_type":"article","og_title":"Roda premsa VOTEM!!! 12\/06\/14 - VOTEM !!!","og_description":"Imatges roda de premsa Votem!!! a la pla\u00e7a de la reforma de Manresa PRESENTACI\u00d3 ACTE \u201cVOTEM !!!!\u201d NOTA DE PREMSA Aquest migdia a la Pla\u00e7a de La Reforma de Manresa s\u2019ha fet l\u2019acte de presentaci\u00f3 als mitjans de l\u2019acte \u201cVOTEM &hellip; Continua llegint &rarr;","og_url":"http:\/\/guiamanresa.net\/votem\/roda-premsa-votem-120614\/","og_site_name":"VOTEM !!!","article_modified_time":"2017-03-02T10:38:55+00:00","og_image":[{"url":"http:\/\/guiamanresa.net\/votem\/wp-content\/uploads\/2014\/06\/Rodadepremsa_votem-300x200.jpg"}],"twitter_misc":{"Temps estimat de lectura":"2 minuts"},"schema":{"@context":"https:\/\/schema.org","@graph":[{"@type":"WebPage","@id":"http:\/\/guiamanresa.net\/votem\/roda-premsa-votem-120614\/","url":"http:\/\/guiamanresa.net\/votem\/roda-premsa-votem-120614\/","name":"Roda premsa VOTEM!!! 12\/06\/14 - VOTEM !!!","isPartOf":{"@id":"http:\/\/guiamanresa.net\/votem\/#website"},"primaryImageOfPage":{"@id":"http:\/\/guiamanresa.net\/votem\/roda-premsa-votem-120614\/#primaryimage"},"image":{"@id":"http:\/\/guiamanresa.net\/votem\/roda-premsa-votem-120614\/#primaryimage"},"thumbnailUrl":"http:\/\/guiamanresa.net\/votem\/wp-content\/uploads\/2014\/06\/Rodadepremsa_votem-300x200.jpg","datePublished":"2014-06-12T15:34:09+00:00","dateModified":"2017-03-02T10:38:55+00:00","breadcrumb":{"@id":"http:\/\/guiamanresa.net\/votem\/roda-premsa-votem-120614\/#breadcrumb"},"inLanguage":"ca","potentialAction":[{"@type":"ReadAction","target":["http:\/\/guiamanresa.net\/votem\/roda-premsa-votem-120614\/"]}]},{"@type":"ImageObject","inLanguage":"ca","@id":"http:\/\/guiamanresa.net\/votem\/roda-premsa-votem-120614\/#primaryimage","url":"http:\/\/guiamanresa.net\/votem\/wp-content\/uploads\/2014\/06\/Rodadepremsa_votem.jpg","contentUrl":"http:\/\/guiamanresa.net\/votem\/wp-content\/uploads\/2014\/06\/Rodadepremsa_votem.jpg","width":1024,"height":683},{"@type":"BreadcrumbList","@id":"http:\/\/guiamanresa.net\/votem\/roda-premsa-votem-120614\/#breadcrumb","itemListElement":[{"@type":"ListItem","position":1,"name":"Home","item":"http:\/\/guiamanresa.net\/votem\/"},{"@type":"ListItem","position":2,"name":"Roda premsa VOTEM!!! 12\/06\/14"}]},{"@type":"WebSite","@id":"http:\/\/guiamanresa.net\/votem\/#website","url":"http:\/\/guiamanresa.net\/votem\/","name":"VOTEM !!!","description":"Vine a dir-ho alt i clar: volem votar!","potentialAction":[{"@type":"SearchAction","target":{"@type":"EntryPoint","urlTemplate":"http:\/\/guiamanresa.net\/votem\/?s={search_term_string}"},"query-input":"required name=search_term_string"}],"inLanguage":"ca"}]}},"_links":{"self":[{"href":"http:\/\/guiamanresa.net\/votem\/wp-json\/wp\/v2\/pages\/185"}],"collection":[{"href":"http:\/\/guiamanresa.net\/votem\/wp-json\/wp\/v2\/pages"}],"about":[{"href":"http:\/\/guiamanresa.net\/votem\/wp-json\/wp\/v2\/types\/page"}],"author":[{"embeddable":true,"href":"http:\/\/guiamanresa.net\/votem\/wp-json\/wp\/v2\/users\/1"}],"replies":[{"embeddable":true,"href":"http:\/\/guiamanresa.net\/votem\/wp-json\/wp\/v2\/comments?post=185"}],"version-history":[{"count":4,"href":"http:\/\/guiamanresa.net\/votem\/wp-json\/wp\/v2\/pages\/185\/revisions"}],"predecessor-version":[{"id":201,"href":"http:\/\/guiamanresa.net\/votem\/wp-json\/wp\/v2\/pages\/185\/revisions\/201"}],"wp:attachment":[{"href":"http:\/\/guiamanresa.net\/votem\/wp-json\/wp\/v2\/media?parent=185"}],"curies":[{"name":"wp","href":"https:\/\/api.w.org\/{rel}","templated":true}]}}