{"id":2,"date":"2014-05-19T17:22:48","date_gmt":"2014-05-19T17:22:48","guid":{"rendered":"http:\/\/guiamanresa.net\/votem\/?page_id=2"},"modified":"2014-06-29T21:33:04","modified_gmt":"2014-06-29T19:33:04","slug":"pagina-exemple","status":"publish","type":"page","link":"http:\/\/guiamanresa.net\/votem\/","title":{"rendered":""},"content":{"rendered":"<h1 style=\"text-align: center;\"><a href=\"http:\/\/guiamanresa.net\/votem\/fotos-votem\/\"><img loading=\"lazy\" decoding=\"async\" class=\"alignnone wp-image-452 size-full\" src=\"http:\/\/guiamanresa.net\/votem\/wp-content\/uploads\/2014\/05\/V_votem.jpg\" alt=\"V VOTEM !!!!\" width=\"1024\" height=\"683\" srcset=\"http:\/\/guiamanresa.net\/votem\/wp-content\/uploads\/2014\/05\/V_votem.jpg 1024w, http:\/\/guiamanresa.net\/votem\/wp-content\/uploads\/2014\/05\/V_votem-300x200.jpg 300w\" sizes=\"(max-width: 1024px) 100vw, 1024px\" \/><\/a><\/h1>\n<h1 style=\"text-align: center;\">Vine a dir-ho alt i clar: volem votar!<\/h1>\n<p style=\"text-align: center;\">El 29 de juny al Bages la ciutadania s\u2019activa.<\/p>\n<p style=\"text-align: center;\"><strong>No som s\u00fabdits, som ciutadans. I volem votar<\/strong>.<\/p>\n<p>El 29 de juny, a Manresa, a la Pla\u00e7a de la Reforma, de les 10 del mat\u00ed a les 2 de la tarda, tots els bagencs i bagenques ens activarem per exigir el Dret a Decidir. Perqu\u00e8 no som s\u00fabdits, som ciutadans, i volem votar.<\/p>\n<p>Cap persona no \u00e9s plenament lliure si el seu poble no ho \u00e9s. Catalunya vol decidir lliurement el seu futur pol\u00edtic i cap mur ens impedir\u00e0 arribar fins a les urnes. Votar \u00e9s la soluci\u00f3. Cal que tots els dem\u00f2crates exigim el dret a poder votar per saber qu\u00e8 vol la majoria del poble catal\u00e0. I que tots ens comprometem a acceptar el resultat que surti de les urnes. Aix\u00ed \u00e9s com es demostra qui \u00e9s veritablement dem\u00f2crata i qui no.<\/p>\n<p>El <strong>Votem!!!<\/strong> ser\u00e0 un acte per manifestar el nostre suport a les forces pol\u00edtiques partid\u00e0ries de la consulta.\u00a0Els hi demanarem que no defalleixin i que caminin amb pas ferm i sense vacil\u00b7lacions. Els hi direm que volem votar i que no pararem fins a aconseguir-ho.<\/p>\n<p>El cor de Catalunya torna a bategar amb for\u00e7a per donar l&#8217; impuls definitiu al dret a decidir.<\/p>\n<p style=\"text-align: center;\"><strong>&#8221; Vine a dir-ho alt i clar: Volem votar! &#8220;<\/strong><\/p>\n<p style=\"text-align: center;\"><strong>VOTEM!!! L&#8217;ACTE DEL BAGES PEL DRET A DECIDIR<\/strong><\/p>\n<p style=\"text-align: center;\">T&#8217;esperem\u00a0a Manresa el 29 de juny, ajuda&#8217;ns a fer-ho possible<\/p>\n<p style=\"text-align: center;\">Farem el mosaic de la <strong><span style=\"color: #ff9900;\">V<\/span><\/strong> amb tots vosaltres i un espectacle amb moltes sorpreses<\/p>\n<p style=\"text-align: center;\">Tamb\u00e9 fira d&#8217;entitats, productes de la terra i de pa\u00eds<\/p>\n<p style=\"text-align: center;\">Geganters, grallers, bastoners,\u00a0tabalers, castellers, \u00a0grups de teatre, corals i altres arts de teatre de carrer<\/p>\n<p style=\"text-align: center;\"><span style=\"color: #000000;\"><b>T&#8217;hi<\/b><\/span><strong>\u00a0esperem.<\/strong><\/p>\n<p style=\"text-align: center;\">&gt;\u00a0<a href=\"http:\/\/guiamanresa.net\/votem\/punts-de-venda-votem\/\">Cal que compreu el\u00a0\u00a0lot \u00a0&#8220;samarreta + gorra&#8221; per poder fer el mosaic<\/a><\/p>\n<p style=\"text-align: center;\">\u00a0&gt;\u00a0<a href=\"http:\/\/guiamanresa.net\/votem\/programa\/\">Programa de l&#8217;acte que es far\u00e0 a la pla\u00e7a de la Reforma de Manresa<\/a><\/p>\n<!--[if lt IE 9]><script>document.createElement('audio');<\/script><![endif]-->\n<audio class=\"wp-audio-shortcode\" id=\"audio-2-1\" preload=\"none\" style=\"width: 100%;\" controls=\"controls\"><source type=\"audio\/mpeg\" src=\"http:\/\/guiamanresa.net\/votem\/wp-content\/uploads\/2014\/05\/Vine_al_Votem_curt.mp3?_=1\" \/><a href=\"http:\/\/guiamanresa.net\/votem\/wp-content\/uploads\/2014\/05\/Vine_al_Votem_curt.mp3\">http:\/\/guiamanresa.net\/votem\/wp-content\/uploads\/2014\/05\/Vine_al_Votem_curt.mp3<\/a><\/audio>\n<h1 style=\"text-align: center;\"><\/h1>\n<h1 style=\"text-align: center;\">*<\/h1>\n<p><em><strong>Manifest\u00a0Votem!!!<\/strong><\/em><\/p>\n<p><strong>Un 80% dels catalans vol votar<\/strong> per poder decidir el futur pol\u00edtic de Catalunya. En aix\u00f2 coincideixen la majoria de les enquestes publicades. Per\u00f2 en democr\u00e0cia, m\u00e9s important que les enquestes i fins i tot que les manifestacions al carrer, s\u00f3n els vots. I el Govern de l\u2019Estat espanyol no ens vol deixar votar, amb l\u2019excusa que no pot fer-ho. \u00c9s mentida. Jur\u00eddicament no hi ha cap impediment, i si pol\u00edticament es volgu\u00e9s no hi ha nom\u00e9s una via sin\u00f3 diverses per poder consultar els catalans.<\/p>\n<p><strong>Votar \u00e9s la soluci\u00f3<\/strong>. Cal que tots els dem\u00f2crates exigim el dret a poder votar per saber qu\u00e8 vol la majoria del poble catal\u00e0. I que tots ens comprometem a acceptar el resultat que surti de les urnes. Aix\u00ed \u00e9s com es demostra qui \u00e9s veritablement dem\u00f2crata i qui no. Perqu\u00e8, ara i aqu\u00ed, aquesta \u00e9s la q\u00fcesti\u00f3: ser o no ser dem\u00f2crata.<\/p>\n<p><strong>A l\u2019Estat espanyol li hauria de fer vergonya\u00a0<\/strong><strong>no deixar votar<\/strong><strong>, no deixar expressar lliurement un poble que reclama poder fer recompte, tal com es fa en democr\u00e0cia: votant. Despr\u00e9s d\u2019un debat lliure i plural, cal comptar quines s\u00f3n les opcions preferides, i fer possible la voluntat de la majoria. Ni m\u00e9s ni menys. Com es va fer a Canad\u00e0, com es far\u00e0 a la Gran Bretanya.<\/strong><\/p>\n<p><strong>Estem a un pam d\u2019aconseguir-ho.<\/strong> Sabem que som molts els qui volem votar i hem de ser plenament conscients de la nostra pr\u00f2pia for\u00e7a, la for\u00e7a de la democr\u00e0cia, i no defallir fins que ho aconseguim. Ara que tot s\u2019accelera, ens cal molta calma, per\u00f2 tamb\u00e9 valentia i persist\u00e8ncia, i estar m\u00e9s actius que mai.<\/p>\n<p><strong>Cap persona ni cap poble ha de justificar perqu\u00e8 vol ser lliure. La llibertat no \u00e9s negociable<\/strong>. Volem triar lliurement el nostre futur pol\u00edtic. Volem votar, i no pararem fins a aconseguir-ho!<\/p>\n<h1 style=\"text-align: center;\">\u00a0*<\/h1>\n<p style=\"text-align: center;\"><a class=\"boxersandswipers\" title=\"Suport a Jaume Sastre\" href=\"http:\/\/guiamanresa.net\/votem\/wp-content\/uploads\/2014\/05\/jaumesastre_800.jpg\"><img loading=\"lazy\" decoding=\"async\" class=\"alignnone size-full wp-image-222\" src=\"http:\/\/guiamanresa.net\/votem\/wp-content\/uploads\/2014\/05\/jaumesastre_800.jpg\" alt=\"Suport a Jaume Sastre\" width=\"800\" height=\"160\" srcset=\"http:\/\/guiamanresa.net\/votem\/wp-content\/uploads\/2014\/05\/jaumesastre_800.jpg 800w, http:\/\/guiamanresa.net\/votem\/wp-content\/uploads\/2014\/05\/jaumesastre_800-300x60.jpg 300w\" sizes=\"(max-width: 800px) 100vw, 800px\" \/><\/a><\/p>\n<!-- AddThis Advanced Settings generic via filter on the_content -->","protected":false},"excerpt":{"rendered":"<p>Vine a dir-ho alt i clar: volem votar! El 29 de juny al Bages la ciutadania s\u2019activa. No som s\u00fabdits, som ciutadans. I volem votar. El 29 de juny, a Manresa, a la Pla\u00e7a de la Reforma, de les 10 &hellip; <a href=\"http:\/\/guiamanresa.net\/votem\/\">Continua llegint <span class=\"meta-nav\">&rarr;<\/span><\/a><!-- AddThis Advanced Settings generic via filter on wp_trim_excerpt --><\/p>\n","protected":false},"author":1,"featured_media":0,"parent":0,"menu_order":0,"comment_status":"closed","ping_status":"closed","template":"","meta":{"ngg_post_thumbnail":0,"footnotes":""},"yoast_head":"<!-- This site is optimized with the Yoast SEO plugin v22.8 - https:\/\/yoast.com\/wordpress\/plugins\/seo\/ -->\n<title>- VOTEM !!!<\/title>\n<meta name=\"description\" content=\"Votem!!! Vine a Manresa el 29 de juny i ajuda\u2019ns a fer-ho possible. T&#039;hi esperem.\" \/>\n<meta name=\"robots\" content=\"index, follow, max-snippet:-1, max-image-preview:large, max-video-preview:-1\" \/>\n<link rel=\"canonical\" href=\"http:\/\/guiamanresa.net\/votem\/\" \/>\n<meta property=\"og:locale\" content=\"ca_ES\" \/>\n<meta property=\"og:type\" content=\"article\" \/>\n<meta property=\"og:title\" content=\"- VOTEM !!!\" \/>\n<meta property=\"og:description\" content=\"Votem!!! Vine a Manresa el 29 de juny i ajuda\u2019ns a fer-ho possible. T&#039;hi esperem.\" \/>\n<meta property=\"og:url\" content=\"http:\/\/guiamanresa.net\/votem\/\" \/>\n<meta property=\"og:site_name\" content=\"VOTEM !!!\" \/>\n<meta property=\"article:modified_time\" content=\"2014-06-29T19:33:04+00:00\" \/>\n<meta property=\"og:image\" content=\"http:\/\/guiamanresa.net\/votem\/wp-content\/uploads\/2014\/05\/V_votem.jpg\" \/>\n<meta name=\"twitter:label1\" content=\"Temps estimat de lectura\" \/>\n\t<meta name=\"twitter:data1\" content=\"3 minuts\" \/>\n<script type=\"application\/ld+json\" class=\"yoast-schema-graph\">{\"@context\":\"https:\/\/schema.org\",\"@graph\":[{\"@type\":\"WebPage\",\"@id\":\"http:\/\/guiamanresa.net\/votem\/\",\"url\":\"http:\/\/guiamanresa.net\/votem\/\",\"name\":\"- VOTEM !!!\",\"isPartOf\":{\"@id\":\"http:\/\/guiamanresa.net\/votem\/#website\"},\"primaryImageOfPage\":{\"@id\":\"http:\/\/guiamanresa.net\/votem\/#primaryimage\"},\"image\":{\"@id\":\"http:\/\/guiamanresa.net\/votem\/#primaryimage\"},\"thumbnailUrl\":\"http:\/\/guiamanresa.net\/votem\/wp-content\/uploads\/2014\/05\/V_votem.jpg\",\"datePublished\":\"2014-05-19T17:22:48+00:00\",\"dateModified\":\"2014-06-29T19:33:04+00:00\",\"description\":\"Votem!!! Vine a Manresa el 29 de juny i ajuda\u2019ns a fer-ho possible. T'hi esperem.\",\"inLanguage\":\"ca\",\"potentialAction\":[{\"@type\":\"ReadAction\",\"target\":[\"http:\/\/guiamanresa.net\/votem\/\"]}]},{\"@type\":\"ImageObject\",\"inLanguage\":\"ca\",\"@id\":\"http:\/\/guiamanresa.net\/votem\/#primaryimage\",\"url\":\"http:\/\/guiamanresa.net\/votem\/wp-content\/uploads\/2014\/05\/V_votem.jpg\",\"contentUrl\":\"http:\/\/guiamanresa.net\/votem\/wp-content\/uploads\/2014\/05\/V_votem.jpg\",\"width\":1024,\"height\":683},{\"@type\":\"WebSite\",\"@id\":\"http:\/\/guiamanresa.net\/votem\/#website\",\"url\":\"http:\/\/guiamanresa.net\/votem\/\",\"name\":\"VOTEM !!!\",\"description\":\"Vine a dir-ho alt i clar: volem votar!\",\"potentialAction\":[{\"@type\":\"SearchAction\",\"target\":{\"@type\":\"EntryPoint\",\"urlTemplate\":\"http:\/\/guiamanresa.net\/votem\/?s={search_term_string}\"},\"query-input\":\"required name=search_term_string\"}],\"inLanguage\":\"ca\"}]}<\/script>\n<!-- \/ Yoast SEO plugin. -->","yoast_head_json":{"title":"- VOTEM !!!","description":"Votem!!! Vine a Manresa el 29 de juny i ajuda\u2019ns a fer-ho possible. T'hi esperem.","robots":{"index":"index","follow":"follow","max-snippet":"max-snippet:-1","max-image-preview":"max-image-preview:large","max-video-preview":"max-video-preview:-1"},"canonical":"http:\/\/guiamanresa.net\/votem\/","og_locale":"ca_ES","og_type":"article","og_title":"- VOTEM !!!","og_description":"Votem!!! Vine a Manresa el 29 de juny i ajuda\u2019ns a fer-ho possible. T'hi esperem.","og_url":"http:\/\/guiamanresa.net\/votem\/","og_site_name":"VOTEM !!!","article_modified_time":"2014-06-29T19:33:04+00:00","og_image":[{"url":"http:\/\/guiamanresa.net\/votem\/wp-content\/uploads\/2014\/05\/V_votem.jpg"}],"twitter_misc":{"Temps estimat de lectura":"3 minuts"},"schema":{"@context":"https:\/\/schema.org","@graph":[{"@type":"WebPage","@id":"http:\/\/guiamanresa.net\/votem\/","url":"http:\/\/guiamanresa.net\/votem\/","name":"- VOTEM !!!","isPartOf":{"@id":"http:\/\/guiamanresa.net\/votem\/#website"},"primaryImageOfPage":{"@id":"http:\/\/guiamanresa.net\/votem\/#primaryimage"},"image":{"@id":"http:\/\/guiamanresa.net\/votem\/#primaryimage"},"thumbnailUrl":"http:\/\/guiamanresa.net\/votem\/wp-content\/uploads\/2014\/05\/V_votem.jpg","datePublished":"2014-05-19T17:22:48+00:00","dateModified":"2014-06-29T19:33:04+00:00","description":"Votem!!! Vine a Manresa el 29 de juny i ajuda\u2019ns a fer-ho possible. T'hi esperem.","inLanguage":"ca","potentialAction":[{"@type":"ReadAction","target":["http:\/\/guiamanresa.net\/votem\/"]}]},{"@type":"ImageObject","inLanguage":"ca","@id":"http:\/\/guiamanresa.net\/votem\/#primaryimage","url":"http:\/\/guiamanresa.net\/votem\/wp-content\/uploads\/2014\/05\/V_votem.jpg","contentUrl":"http:\/\/guiamanresa.net\/votem\/wp-content\/uploads\/2014\/05\/V_votem.jpg","width":1024,"height":683},{"@type":"WebSite","@id":"http:\/\/guiamanresa.net\/votem\/#website","url":"http:\/\/guiamanresa.net\/votem\/","name":"VOTEM !!!","description":"Vine a dir-ho alt i clar: volem votar!","potentialAction":[{"@type":"SearchAction","target":{"@type":"EntryPoint","urlTemplate":"http:\/\/guiamanresa.net\/votem\/?s={search_term_string}"},"query-input":"required name=search_term_string"}],"inLanguage":"ca"}]}},"_links":{"self":[{"href":"http:\/\/guiamanresa.net\/votem\/wp-json\/wp\/v2\/pages\/2"}],"collection":[{"href":"http:\/\/guiamanresa.net\/votem\/wp-json\/wp\/v2\/pages"}],"about":[{"href":"http:\/\/guiamanresa.net\/votem\/wp-json\/wp\/v2\/types\/page"}],"author":[{"embeddable":true,"href":"http:\/\/guiamanresa.net\/votem\/wp-json\/wp\/v2\/users\/1"}],"replies":[{"embeddable":true,"href":"http:\/\/guiamanresa.net\/votem\/wp-json\/wp\/v2\/comments?post=2"}],"version-history":[{"count":40,"href":"http:\/\/guiamanresa.net\/votem\/wp-json\/wp\/v2\/pages\/2\/revisions"}],"predecessor-version":[{"id":532,"href":"http:\/\/guiamanresa.net\/votem\/wp-json\/wp\/v2\/pages\/2\/revisions\/532"}],"wp:attachment":[{"href":"http:\/\/guiamanresa.net\/votem\/wp-json\/wp\/v2\/media?parent=2"}],"curies":[{"name":"wp","href":"https:\/\/api.w.org\/{rel}","templated":true}]}}