{"id":22,"date":"2014-05-20T15:32:47","date_gmt":"2014-05-20T15:32:47","guid":{"rendered":"http:\/\/guiamanresa.net\/votem\/?page_id=22"},"modified":"2014-06-27T00:37:37","modified_gmt":"2014-06-26T22:37:37","slug":"aparcaments","status":"publish","type":"page","link":"http:\/\/guiamanresa.net\/votem\/aparcaments\/","title":{"rendered":"Aparcaments"},"content":{"rendered":"<p>P\u00e0rquings VOTEM!!<\/p>\n<p>Els cotxes de les diferents cap\u00e7aleres podran aparcar als p\u00e0rquings del Votem!!! \u00a0al preu d\u2019un euro tot el mati fins les 4 de la tarda ( a les 4 de la tarda\u00a0el p\u00e0rquings tancaran, heu de sortir dels p\u00e0rquings abans de les 4), en arribar als p\u00e0rquings un voluntari del VOTEM!!! \u00a0us far\u00e0 entrega del val d&#8217;aparcament ( recomanem que porteu el euro \u00a0en met\u00e0l\u00b7lic per no tenir que donar canvi)<\/p>\n<p><strong>P\u00e0rquing Puigmercadal \u00a0&#8211;\u00a0<em style=\"color: #333333;\">CAP\u00c7ALERA LLOBREGAT NORD- PLA\u00c7A DE CRIST REI<\/em><\/strong><\/p>\n<p><iframe loading=\"lazy\" src=\"https:\/\/maps.google.es\/maps?f=q&amp;source=embed&amp;hl=ca&amp;geocode=&amp;q=P%C3%A0rquing+Puigmercadal,+Manresa&amp;aq=&amp;sll=41.722819,1.828322&amp;sspn=0.013853,0.027874&amp;ie=UTF8&amp;hq=P%C3%A0rquing+Puigmercadal,&amp;hnear=Manresa,+Barcelona,+Catalunya&amp;ll=41.722819,1.828322&amp;spn=0.007747,0.007854&amp;t=m&amp;layer=c&amp;cbll=41.725268,1.825991&amp;panoid=hI4oPxyhPspjI-yPkVXYfg&amp;cbp=11,202.44,,0,0&amp;output=svembed\" width=\"425\" height=\"350\" frameborder=\"0\" marginwidth=\"0\" marginheight=\"0\" scrolling=\"no\"><\/iframe><br \/>\n<small><a style=\"color: #0000ff; text-align: left;\" href=\"https:\/\/maps.google.es\/maps?f=q&amp;source=embed&amp;hl=ca&amp;geocode=&amp;q=P%C3%A0rquing+Puigmercadal,+Manresa&amp;aq=&amp;sll=41.722819,1.828322&amp;sspn=0.013853,0.027874&amp;ie=UTF8&amp;hq=P%C3%A0rquing+Puigmercadal,&amp;hnear=Manresa,+Barcelona,+Catalunya&amp;ll=41.722819,1.828322&amp;spn=0.007747,0.007854&amp;t=m&amp;layer=c&amp;cbll=41.725268,1.825991&amp;panoid=hI4oPxyhPspjI-yPkVXYfg&amp;cbp=11,202.44,,0,0\">Mostra un mapa m\u00e9s gran<\/a><\/small><\/p>\n<p><strong>P\u00e0rquing Centre Hist\u00f2ric &#8211;\u00a0<em style=\"color: #333333;\">CAP\u00c7ALERA GAVARRESA-MOIAN\u00c8S \u2013 CERCAVILA P\u00c7A MAJOR &#8211;\u00a0<em style=\"color: #333333;\">CAP\u00c7ALERA LLOBREGAT SUD \u2013 CERCAVILA PLA\u00c7A MAJOR<\/em><\/em><\/strong><\/p>\n<p><iframe loading=\"lazy\" src=\"https:\/\/maps.google.es\/maps?f=q&amp;source=s_q&amp;hl=ca&amp;geocode=&amp;q=P%C3%A0rquing+Centre+Hist%C3%B2ric,+Via+de+Sant+Ignasi,+Manresa&amp;aq=0&amp;oq=P%C3%A0rquing+Centre+Hist%C3%B2ric,+Manresa&amp;sll=41.723443,1.821788&amp;sspn=0.013853,0.027874&amp;ie=UTF8&amp;hq=P%C3%A0rquing+Centre+Hist%C3%B2ric,&amp;hnear=Via+de+Sant+Ignasi,+Manresa&amp;ll=41.723444,1.821778&amp;spn=0.008831,0.007903&amp;t=m&amp;output=embed\" width=\"425\" height=\"350\" frameborder=\"0\" marginwidth=\"0\" marginheight=\"0\" scrolling=\"no\"><\/iframe><br \/>\n<small><a style=\"color: #0000ff; text-align: left;\" href=\"https:\/\/maps.google.es\/maps?f=q&amp;source=embed&amp;hl=ca&amp;geocode=&amp;q=P%C3%A0rquing+Centre+Hist%C3%B2ric,+Via+de+Sant+Ignasi,+Manresa&amp;aq=0&amp;oq=P%C3%A0rquing+Centre+Hist%C3%B2ric,+Manresa&amp;sll=41.723443,1.821788&amp;sspn=0.013853,0.027874&amp;ie=UTF8&amp;hq=P%C3%A0rquing+Centre+Hist%C3%B2ric,&amp;hnear=Via+de+Sant+Ignasi,+Manresa&amp;ll=41.723444,1.821778&amp;spn=0.008831,0.007903&amp;t=m\">Mostra un mapa m\u00e9s gran<\/a><\/small><br \/>\n<strong>P\u00e0rquing Quatre Cantons &#8211;\u00a0<em>CAP\u00c7ALERES DE PONENT \u2013 CERCAVILA DE VALLDAURA<\/em><\/strong><\/p>\n<p><iframe loading=\"lazy\" src=\"https:\/\/maps.google.es\/maps?f=q&amp;source=s_q&amp;hl=ca&amp;geocode=&amp;q=Aparcament+Quatre+Cantons,+Manresa&amp;aq=0&amp;oq=Aparcament+Quatre+Cantons,+Manresa&amp;sll=41.723432,1.821778&amp;sspn=0.001732,0.003484&amp;ie=UTF8&amp;hq=Aparcament+Quatre+Cantons,&amp;hnear=Manresa,+Barcelona,+Catalunya&amp;t=m&amp;ll=41.723443,1.821788&amp;spn=0.012847,0.006295&amp;output=embed\" width=\"425\" height=\"350\" frameborder=\"0\" marginwidth=\"0\" marginheight=\"0\" scrolling=\"no\"><\/iframe><br \/>\n<small><a style=\"color: #0000ff; text-align: left;\" href=\"https:\/\/maps.google.es\/maps?f=q&amp;source=embed&amp;hl=ca&amp;geocode=&amp;q=Aparcament+Quatre+Cantons,+Manresa&amp;aq=0&amp;oq=Aparcament+Quatre+Cantons,+Manresa&amp;sll=41.723432,1.821778&amp;sspn=0.001732,0.003484&amp;ie=UTF8&amp;hq=Aparcament+Quatre+Cantons,&amp;hnear=Manresa,+Barcelona,+Catalunya&amp;t=m&amp;ll=41.723443,1.821788&amp;spn=0.012847,0.006295\">Mostra un mapa m\u00e9s gran<\/a><\/small><\/p>\n<p><strong>P\u00e0rquings minusv\u00e0lids:<\/strong><\/p>\n<p><em>Pla\u00e7a de Llisach, al costat \u00a0carrer Alfons XII<\/em><\/p>\n<p><iframe loading=\"lazy\" src=\"https:\/\/maps.google.es\/maps?f=q&amp;source=s_q&amp;hl=ca&amp;geocode=&amp;q=Pla%C3%A7a+de+Llisach,+Manresa&amp;aq=0&amp;oq=Pla%C3%A7a+de+Llisach,+&amp;sll=41.692248,1.745868&amp;sspn=3.547849,7.13562&amp;ie=UTF8&amp;hq=&amp;hnear=Pla%C3%A7a+de+Llisach,+08241+Manresa,+Barcelona&amp;ll=41.722824,1.825026&amp;spn=0.006927,0.013937&amp;t=m&amp;z=14&amp;iwloc=A&amp;output=embed\" width=\"425\" height=\"350\" frameborder=\"0\" marginwidth=\"0\" marginheight=\"0\" scrolling=\"no\"><\/iframe><br \/>\n<small><a style=\"color: #0000ff; text-align: left;\" href=\"https:\/\/maps.google.es\/maps?f=q&amp;source=embed&amp;hl=ca&amp;geocode=&amp;q=Pla%C3%A7a+de+Llisach,+Manresa&amp;aq=0&amp;oq=Pla%C3%A7a+de+Llisach,+&amp;sll=41.692248,1.745868&amp;sspn=3.547849,7.13562&amp;ie=UTF8&amp;hq=&amp;hnear=Pla%C3%A7a+de+Llisach,+08241+Manresa,+Barcelona&amp;ll=41.722824,1.825026&amp;spn=0.006927,0.013937&amp;t=m&amp;z=14&amp;iwloc=A\">Mostra un mapa m\u00e9s gran<\/a><\/small><\/p>\n<p><em>Baixada Na Bastardes\u00a0(pla\u00e7a)<\/em><\/p>\n<p><iframe loading=\"lazy\" src=\"https:\/\/maps.google.es\/maps?f=q&amp;source=s_q&amp;hl=ca&amp;geocode=&amp;q=Baixada+de+Na+Bastardes,+Manresa&amp;aq=0&amp;oq=Baixada+de+Na+Bastardes,manresa&amp;sll=41.7241,1.825662&amp;sspn=0.013853,0.027874&amp;ie=UTF8&amp;hq=&amp;hnear=Baixada+de+Na+Bastardes,+08241+Manresa,+Barcelona&amp;t=m&amp;z=14&amp;ll=41.722959,1.825698&amp;output=embed\" width=\"425\" height=\"350\" frameborder=\"0\" marginwidth=\"0\" marginheight=\"0\" scrolling=\"no\"><\/iframe><br \/>\n<small><a style=\"color: #0000ff; text-align: left;\" href=\"https:\/\/maps.google.es\/maps?f=q&amp;source=embed&amp;hl=ca&amp;geocode=&amp;q=Baixada+de+Na+Bastardes,+Manresa&amp;aq=0&amp;oq=Baixada+de+Na+Bastardes,manresa&amp;sll=41.7241,1.825662&amp;sspn=0.013853,0.027874&amp;ie=UTF8&amp;hq=&amp;hnear=Baixada+de+Na+Bastardes,+08241+Manresa,+Barcelona&amp;t=m&amp;z=14&amp;ll=41.722959,1.825698\">Mostra un mapa m\u00e9s gran<\/a><\/small><\/p>\n<p>&gt;\u00a0<a href=\"http:\/\/www.guiamanresa.com\/guia\/comerc\/parquings.htm\" target=\"_blank\">Altres p\u00e0quins\u00a0\u00a0a Manresa<\/a><\/p>\n<!-- AddThis Advanced Settings generic via filter on the_content -->","protected":false},"excerpt":{"rendered":"<p>P\u00e0rquings VOTEM!! Els cotxes de les diferents cap\u00e7aleres podran aparcar als p\u00e0rquings del Votem!!! \u00a0al preu d\u2019un euro tot el mati fins les 4 de la tarda ( a les 4 de la tarda\u00a0el p\u00e0rquings tancaran, heu de sortir dels &hellip; <a href=\"http:\/\/guiamanresa.net\/votem\/aparcaments\/\">Continua llegint <span class=\"meta-nav\">&rarr;<\/span><\/a><!-- AddThis Advanced Settings generic via filter on wp_trim_excerpt --><\/p>\n","protected":false},"author":1,"featured_media":0,"parent":0,"menu_order":0,"comment_status":"closed","ping_status":"closed","template":"","meta":{"ngg_post_thumbnail":0,"footnotes":""},"yoast_head":"<!-- This site is optimized with the Yoast SEO plugin v22.8 - https:\/\/yoast.com\/wordpress\/plugins\/seo\/ -->\n<title>Aparcaments - VOTEM !!!<\/title>\n<meta name=\"robots\" content=\"index, follow, max-snippet:-1, max-image-preview:large, max-video-preview:-1\" \/>\n<link rel=\"canonical\" href=\"http:\/\/guiamanresa.net\/votem\/aparcaments\/\" \/>\n<meta property=\"og:locale\" content=\"ca_ES\" \/>\n<meta property=\"og:type\" content=\"article\" \/>\n<meta property=\"og:title\" content=\"Aparcaments - VOTEM !!!\" \/>\n<meta property=\"og:description\" content=\"P\u00e0rquings VOTEM!! Els cotxes de les diferents cap\u00e7aleres podran aparcar als p\u00e0rquings del Votem!!! \u00a0al preu d\u2019un euro tot el mati fins les 4 de la tarda ( a les 4 de la tarda\u00a0el p\u00e0rquings tancaran, heu de sortir dels &hellip; Continua llegint &rarr;\" \/>\n<meta property=\"og:url\" content=\"http:\/\/guiamanresa.net\/votem\/aparcaments\/\" \/>\n<meta property=\"og:site_name\" content=\"VOTEM !!!\" \/>\n<meta property=\"article:modified_time\" content=\"2014-06-26T22:37:37+00:00\" \/>\n<meta name=\"twitter:label1\" content=\"Temps estimat de lectura\" \/>\n\t<meta name=\"twitter:data1\" content=\"1 minut\" \/>\n<script type=\"application\/ld+json\" class=\"yoast-schema-graph\">{\"@context\":\"https:\/\/schema.org\",\"@graph\":[{\"@type\":\"WebPage\",\"@id\":\"http:\/\/guiamanresa.net\/votem\/aparcaments\/\",\"url\":\"http:\/\/guiamanresa.net\/votem\/aparcaments\/\",\"name\":\"Aparcaments - VOTEM !!!\",\"isPartOf\":{\"@id\":\"http:\/\/guiamanresa.net\/votem\/#website\"},\"datePublished\":\"2014-05-20T15:32:47+00:00\",\"dateModified\":\"2014-06-26T22:37:37+00:00\",\"breadcrumb\":{\"@id\":\"http:\/\/guiamanresa.net\/votem\/aparcaments\/#breadcrumb\"},\"inLanguage\":\"ca\",\"potentialAction\":[{\"@type\":\"ReadAction\",\"target\":[\"http:\/\/guiamanresa.net\/votem\/aparcaments\/\"]}]},{\"@type\":\"BreadcrumbList\",\"@id\":\"http:\/\/guiamanresa.net\/votem\/aparcaments\/#breadcrumb\",\"itemListElement\":[{\"@type\":\"ListItem\",\"position\":1,\"name\":\"Home\",\"item\":\"http:\/\/guiamanresa.net\/votem\/\"},{\"@type\":\"ListItem\",\"position\":2,\"name\":\"Aparcaments\"}]},{\"@type\":\"WebSite\",\"@id\":\"http:\/\/guiamanresa.net\/votem\/#website\",\"url\":\"http:\/\/guiamanresa.net\/votem\/\",\"name\":\"VOTEM !!!\",\"description\":\"Vine a dir-ho alt i clar: volem votar!\",\"potentialAction\":[{\"@type\":\"SearchAction\",\"target\":{\"@type\":\"EntryPoint\",\"urlTemplate\":\"http:\/\/guiamanresa.net\/votem\/?s={search_term_string}\"},\"query-input\":\"required name=search_term_string\"}],\"inLanguage\":\"ca\"}]}<\/script>\n<!-- \/ Yoast SEO plugin. -->","yoast_head_json":{"title":"Aparcaments - VOTEM !!!","robots":{"index":"index","follow":"follow","max-snippet":"max-snippet:-1","max-image-preview":"max-image-preview:large","max-video-preview":"max-video-preview:-1"},"canonical":"http:\/\/guiamanresa.net\/votem\/aparcaments\/","og_locale":"ca_ES","og_type":"article","og_title":"Aparcaments - VOTEM !!!","og_description":"P\u00e0rquings VOTEM!! Els cotxes de les diferents cap\u00e7aleres podran aparcar als p\u00e0rquings del Votem!!! \u00a0al preu d\u2019un euro tot el mati fins les 4 de la tarda ( a les 4 de la tarda\u00a0el p\u00e0rquings tancaran, heu de sortir dels &hellip; Continua llegint &rarr;","og_url":"http:\/\/guiamanresa.net\/votem\/aparcaments\/","og_site_name":"VOTEM !!!","article_modified_time":"2014-06-26T22:37:37+00:00","twitter_misc":{"Temps estimat de lectura":"1 minut"},"schema":{"@context":"https:\/\/schema.org","@graph":[{"@type":"WebPage","@id":"http:\/\/guiamanresa.net\/votem\/aparcaments\/","url":"http:\/\/guiamanresa.net\/votem\/aparcaments\/","name":"Aparcaments - VOTEM !!!","isPartOf":{"@id":"http:\/\/guiamanresa.net\/votem\/#website"},"datePublished":"2014-05-20T15:32:47+00:00","dateModified":"2014-06-26T22:37:37+00:00","breadcrumb":{"@id":"http:\/\/guiamanresa.net\/votem\/aparcaments\/#breadcrumb"},"inLanguage":"ca","potentialAction":[{"@type":"ReadAction","target":["http:\/\/guiamanresa.net\/votem\/aparcaments\/"]}]},{"@type":"BreadcrumbList","@id":"http:\/\/guiamanresa.net\/votem\/aparcaments\/#breadcrumb","itemListElement":[{"@type":"ListItem","position":1,"name":"Home","item":"http:\/\/guiamanresa.net\/votem\/"},{"@type":"ListItem","position":2,"name":"Aparcaments"}]},{"@type":"WebSite","@id":"http:\/\/guiamanresa.net\/votem\/#website","url":"http:\/\/guiamanresa.net\/votem\/","name":"VOTEM !!!","description":"Vine a dir-ho alt i clar: volem votar!","potentialAction":[{"@type":"SearchAction","target":{"@type":"EntryPoint","urlTemplate":"http:\/\/guiamanresa.net\/votem\/?s={search_term_string}"},"query-input":"required name=search_term_string"}],"inLanguage":"ca"}]}},"_links":{"self":[{"href":"http:\/\/guiamanresa.net\/votem\/wp-json\/wp\/v2\/pages\/22"}],"collection":[{"href":"http:\/\/guiamanresa.net\/votem\/wp-json\/wp\/v2\/pages"}],"about":[{"href":"http:\/\/guiamanresa.net\/votem\/wp-json\/wp\/v2\/types\/page"}],"author":[{"embeddable":true,"href":"http:\/\/guiamanresa.net\/votem\/wp-json\/wp\/v2\/users\/1"}],"replies":[{"embeddable":true,"href":"http:\/\/guiamanresa.net\/votem\/wp-json\/wp\/v2\/comments?post=22"}],"version-history":[{"count":17,"href":"http:\/\/guiamanresa.net\/votem\/wp-json\/wp\/v2\/pages\/22\/revisions"}],"predecessor-version":[{"id":428,"href":"http:\/\/guiamanresa.net\/votem\/wp-json\/wp\/v2\/pages\/22\/revisions\/428"}],"wp:attachment":[{"href":"http:\/\/guiamanresa.net\/votem\/wp-json\/wp\/v2\/media?parent=22"}],"curies":[{"name":"wp","href":"https:\/\/api.w.org\/{rel}","templated":true}]}}