{"id":33,"date":"2014-05-20T15:37:09","date_gmt":"2014-05-20T15:37:09","guid":{"rendered":"http:\/\/guiamanresa.net\/votem\/?page_id=33"},"modified":"2014-06-27T00:41:14","modified_gmt":"2014-06-26T22:41:14","slug":"programa","status":"publish","type":"page","link":"http:\/\/guiamanresa.net\/votem\/programa\/","title":{"rendered":"Programa"},"content":{"rendered":"<p><a href=\"http:\/\/guiamanresa.net\/votem\/caravanes\/\"><strong>9h<\/strong> \u00a0Concentraci\u00f3 a les cap\u00e7aleres<\/a><\/p>\n<p><strong>2\/4 de 10<\/strong> \u00a0Sortida cap\u00e7aleres \u00a0 (Cardona, Nav\u00e0s, Moi\u00e0, Monistrol, Maians)<br \/>\n<a href=\"http:\/\/guiamanresa.net\/votem\/aparcaments\/\" target=\"_blank\">(P\u00e0rquings Votem!!! a l&#8217;arribada a Manresa)<\/a><\/p>\n<p><strong>11h<\/strong> Sortida cercaviles \u00a0(Pla\u00e7a Valldaura, pla\u00e7a Sant Dom\u00e8nec, pla\u00e7a Major) de Manresa.<\/p>\n<p><strong>Geganters, grallers, bastoners,\u00a0tabalers, castellers, \u00a0grups de teatre, corals i altres arts de teatre de carrer.<\/strong><br \/>\n<strong><br \/>\n2\/4 de 12<\/strong> \u00a0Arribada cercaviles Plana de l\u2019Om<\/p>\n<p><strong>3\/4 de 12<\/strong> \u00a0Sortida de la gran cercavila \/ seguici de la plana de l\u2019Om a\u00a0 la pla\u00e7a de la Reforma<\/p>\n<p><strong>11 a\u00a0 2\/4 de 1<\/strong> \u00a0\u00a0Mercat i actuacions al carrer Alfons XII,\u00a0 Construcci\u00f3 murs a Pla\u00e7a Reforma<\/p>\n<p><strong>2\/4 de 1<\/strong> \u00a0Parlaments \u00a0i acte central a la <strong>pla\u00e7a de la Reforma<\/strong><\/p>\n<p><strong>2\/4 de 2<\/strong> \u00a0construcci\u00f3 del mosaic<\/p>\n<p><a class=\"boxersandswipers\" title=\"Cartell Votem\" href=\"http:\/\/guiamanresa.net\/votem\/wp-content\/uploads\/2014\/05\/Cartell-Votem_1024.jpg\"><img loading=\"lazy\" decoding=\"async\" class=\"alignnone wp-image-109 size-full\" src=\"http:\/\/guiamanresa.net\/votem\/wp-content\/uploads\/2014\/05\/Cartell-Votem_1024.jpg\" alt=\"Cartell Votem\" width=\"1024\" height=\"1448\" srcset=\"http:\/\/guiamanresa.net\/votem\/wp-content\/uploads\/2014\/05\/Cartell-Votem_1024.jpg 1024w, http:\/\/guiamanresa.net\/votem\/wp-content\/uploads\/2014\/05\/Cartell-Votem_1024-212x300.jpg 212w, http:\/\/guiamanresa.net\/votem\/wp-content\/uploads\/2014\/05\/Cartell-Votem_1024-724x1024.jpg 724w\" sizes=\"(max-width: 1024px) 100vw, 1024px\" \/><\/a><\/p>\n<p>&gt; El<span class=\"apple-converted-space\">\u00a0<\/span>m\u00fasic,\u00a0cantautor\u00a0i\u00a0escriptor\u00a0catal\u00e0.<span class=\"apple-converted-space\">\u00a0<\/span><strong><span style=\"color: black;\">Llu\u00eds Llach<\/span><\/strong><span class=\"apple-converted-space\">\u00a0<\/span>ha confirmat l\u2019assist\u00e8ncia al l\u2019acte<\/p>\n<p>&gt;<a href=\"http:\/\/guiamanresa.net\/votem\/material-per-la-difusio\/\"> Material per a la difusi\u00f3 de l&#8217;acte VOTEM!!!<\/a><\/p>\n<!-- AddThis Advanced Settings generic via filter on the_content -->","protected":false},"excerpt":{"rendered":"<p>9h \u00a0Concentraci\u00f3 a les cap\u00e7aleres 2\/4 de 10 \u00a0Sortida cap\u00e7aleres \u00a0 (Cardona, Nav\u00e0s, Moi\u00e0, Monistrol, Maians) (P\u00e0rquings Votem!!! a l&#8217;arribada a Manresa) 11h Sortida cercaviles \u00a0(Pla\u00e7a Valldaura, pla\u00e7a Sant Dom\u00e8nec, pla\u00e7a Major) de Manresa. Geganters, grallers, bastoners,\u00a0tabalers, castellers, \u00a0grups de &hellip; <a href=\"http:\/\/guiamanresa.net\/votem\/programa\/\">Continua llegint <span class=\"meta-nav\">&rarr;<\/span><\/a><!-- AddThis Advanced Settings generic via filter on wp_trim_excerpt --><\/p>\n","protected":false},"author":1,"featured_media":0,"parent":0,"menu_order":0,"comment_status":"closed","ping_status":"closed","template":"","meta":{"ngg_post_thumbnail":0,"footnotes":""},"yoast_head":"<!-- This site is optimized with the Yoast SEO plugin v22.8 - https:\/\/yoast.com\/wordpress\/plugins\/seo\/ -->\n<title>Programa - VOTEM !!!<\/title>\n<meta name=\"robots\" content=\"index, follow, max-snippet:-1, max-image-preview:large, max-video-preview:-1\" \/>\n<link rel=\"canonical\" href=\"http:\/\/guiamanresa.net\/votem\/programa\/\" \/>\n<meta property=\"og:locale\" content=\"ca_ES\" \/>\n<meta property=\"og:type\" content=\"article\" \/>\n<meta property=\"og:title\" content=\"Programa - VOTEM !!!\" \/>\n<meta property=\"og:description\" content=\"9h \u00a0Concentraci\u00f3 a les cap\u00e7aleres 2\/4 de 10 \u00a0Sortida cap\u00e7aleres \u00a0 (Cardona, Nav\u00e0s, Moi\u00e0, Monistrol, Maians) (P\u00e0rquings Votem!!! a l&#8217;arribada a Manresa) 11h Sortida cercaviles \u00a0(Pla\u00e7a Valldaura, pla\u00e7a Sant Dom\u00e8nec, pla\u00e7a Major) de Manresa. Geganters, grallers, bastoners,\u00a0tabalers, castellers, \u00a0grups de &hellip; Continua llegint &rarr;\" \/>\n<meta property=\"og:url\" content=\"http:\/\/guiamanresa.net\/votem\/programa\/\" \/>\n<meta property=\"og:site_name\" content=\"VOTEM !!!\" \/>\n<meta property=\"article:modified_time\" content=\"2014-06-26T22:41:14+00:00\" \/>\n<meta property=\"og:image\" content=\"http:\/\/guiamanresa.net\/votem\/wp-content\/uploads\/2014\/05\/Cartell-Votem_1024.jpg\" \/>\n<meta name=\"twitter:label1\" content=\"Temps estimat de lectura\" \/>\n\t<meta name=\"twitter:data1\" content=\"1 minut\" \/>\n<script type=\"application\/ld+json\" class=\"yoast-schema-graph\">{\"@context\":\"https:\/\/schema.org\",\"@graph\":[{\"@type\":\"WebPage\",\"@id\":\"http:\/\/guiamanresa.net\/votem\/programa\/\",\"url\":\"http:\/\/guiamanresa.net\/votem\/programa\/\",\"name\":\"Programa - VOTEM !!!\",\"isPartOf\":{\"@id\":\"http:\/\/guiamanresa.net\/votem\/#website\"},\"primaryImageOfPage\":{\"@id\":\"http:\/\/guiamanresa.net\/votem\/programa\/#primaryimage\"},\"image\":{\"@id\":\"http:\/\/guiamanresa.net\/votem\/programa\/#primaryimage\"},\"thumbnailUrl\":\"http:\/\/guiamanresa.net\/votem\/wp-content\/uploads\/2014\/05\/Cartell-Votem_1024.jpg\",\"datePublished\":\"2014-05-20T15:37:09+00:00\",\"dateModified\":\"2014-06-26T22:41:14+00:00\",\"breadcrumb\":{\"@id\":\"http:\/\/guiamanresa.net\/votem\/programa\/#breadcrumb\"},\"inLanguage\":\"ca\",\"potentialAction\":[{\"@type\":\"ReadAction\",\"target\":[\"http:\/\/guiamanresa.net\/votem\/programa\/\"]}]},{\"@type\":\"ImageObject\",\"inLanguage\":\"ca\",\"@id\":\"http:\/\/guiamanresa.net\/votem\/programa\/#primaryimage\",\"url\":\"http:\/\/guiamanresa.net\/votem\/wp-content\/uploads\/2014\/05\/Cartell-Votem_1024.jpg\",\"contentUrl\":\"http:\/\/guiamanresa.net\/votem\/wp-content\/uploads\/2014\/05\/Cartell-Votem_1024.jpg\",\"width\":1024,\"height\":1448},{\"@type\":\"BreadcrumbList\",\"@id\":\"http:\/\/guiamanresa.net\/votem\/programa\/#breadcrumb\",\"itemListElement\":[{\"@type\":\"ListItem\",\"position\":1,\"name\":\"Home\",\"item\":\"http:\/\/guiamanresa.net\/votem\/\"},{\"@type\":\"ListItem\",\"position\":2,\"name\":\"Programa\"}]},{\"@type\":\"WebSite\",\"@id\":\"http:\/\/guiamanresa.net\/votem\/#website\",\"url\":\"http:\/\/guiamanresa.net\/votem\/\",\"name\":\"VOTEM !!!\",\"description\":\"Vine a dir-ho alt i clar: volem votar!\",\"potentialAction\":[{\"@type\":\"SearchAction\",\"target\":{\"@type\":\"EntryPoint\",\"urlTemplate\":\"http:\/\/guiamanresa.net\/votem\/?s={search_term_string}\"},\"query-input\":\"required name=search_term_string\"}],\"inLanguage\":\"ca\"}]}<\/script>\n<!-- \/ Yoast SEO plugin. -->","yoast_head_json":{"title":"Programa - VOTEM !!!","robots":{"index":"index","follow":"follow","max-snippet":"max-snippet:-1","max-image-preview":"max-image-preview:large","max-video-preview":"max-video-preview:-1"},"canonical":"http:\/\/guiamanresa.net\/votem\/programa\/","og_locale":"ca_ES","og_type":"article","og_title":"Programa - VOTEM !!!","og_description":"9h \u00a0Concentraci\u00f3 a les cap\u00e7aleres 2\/4 de 10 \u00a0Sortida cap\u00e7aleres \u00a0 (Cardona, Nav\u00e0s, Moi\u00e0, Monistrol, Maians) (P\u00e0rquings Votem!!! a l&#8217;arribada a Manresa) 11h Sortida cercaviles \u00a0(Pla\u00e7a Valldaura, pla\u00e7a Sant Dom\u00e8nec, pla\u00e7a Major) de Manresa. Geganters, grallers, bastoners,\u00a0tabalers, castellers, \u00a0grups de &hellip; Continua llegint &rarr;","og_url":"http:\/\/guiamanresa.net\/votem\/programa\/","og_site_name":"VOTEM !!!","article_modified_time":"2014-06-26T22:41:14+00:00","og_image":[{"url":"http:\/\/guiamanresa.net\/votem\/wp-content\/uploads\/2014\/05\/Cartell-Votem_1024.jpg"}],"twitter_misc":{"Temps estimat de lectura":"1 minut"},"schema":{"@context":"https:\/\/schema.org","@graph":[{"@type":"WebPage","@id":"http:\/\/guiamanresa.net\/votem\/programa\/","url":"http:\/\/guiamanresa.net\/votem\/programa\/","name":"Programa - VOTEM !!!","isPartOf":{"@id":"http:\/\/guiamanresa.net\/votem\/#website"},"primaryImageOfPage":{"@id":"http:\/\/guiamanresa.net\/votem\/programa\/#primaryimage"},"image":{"@id":"http:\/\/guiamanresa.net\/votem\/programa\/#primaryimage"},"thumbnailUrl":"http:\/\/guiamanresa.net\/votem\/wp-content\/uploads\/2014\/05\/Cartell-Votem_1024.jpg","datePublished":"2014-05-20T15:37:09+00:00","dateModified":"2014-06-26T22:41:14+00:00","breadcrumb":{"@id":"http:\/\/guiamanresa.net\/votem\/programa\/#breadcrumb"},"inLanguage":"ca","potentialAction":[{"@type":"ReadAction","target":["http:\/\/guiamanresa.net\/votem\/programa\/"]}]},{"@type":"ImageObject","inLanguage":"ca","@id":"http:\/\/guiamanresa.net\/votem\/programa\/#primaryimage","url":"http:\/\/guiamanresa.net\/votem\/wp-content\/uploads\/2014\/05\/Cartell-Votem_1024.jpg","contentUrl":"http:\/\/guiamanresa.net\/votem\/wp-content\/uploads\/2014\/05\/Cartell-Votem_1024.jpg","width":1024,"height":1448},{"@type":"BreadcrumbList","@id":"http:\/\/guiamanresa.net\/votem\/programa\/#breadcrumb","itemListElement":[{"@type":"ListItem","position":1,"name":"Home","item":"http:\/\/guiamanresa.net\/votem\/"},{"@type":"ListItem","position":2,"name":"Programa"}]},{"@type":"WebSite","@id":"http:\/\/guiamanresa.net\/votem\/#website","url":"http:\/\/guiamanresa.net\/votem\/","name":"VOTEM !!!","description":"Vine a dir-ho alt i clar: volem votar!","potentialAction":[{"@type":"SearchAction","target":{"@type":"EntryPoint","urlTemplate":"http:\/\/guiamanresa.net\/votem\/?s={search_term_string}"},"query-input":"required name=search_term_string"}],"inLanguage":"ca"}]}},"_links":{"self":[{"href":"http:\/\/guiamanresa.net\/votem\/wp-json\/wp\/v2\/pages\/33"}],"collection":[{"href":"http:\/\/guiamanresa.net\/votem\/wp-json\/wp\/v2\/pages"}],"about":[{"href":"http:\/\/guiamanresa.net\/votem\/wp-json\/wp\/v2\/types\/page"}],"author":[{"embeddable":true,"href":"http:\/\/guiamanresa.net\/votem\/wp-json\/wp\/v2\/users\/1"}],"replies":[{"embeddable":true,"href":"http:\/\/guiamanresa.net\/votem\/wp-json\/wp\/v2\/comments?post=33"}],"version-history":[{"count":13,"href":"http:\/\/guiamanresa.net\/votem\/wp-json\/wp\/v2\/pages\/33\/revisions"}],"predecessor-version":[{"id":429,"href":"http:\/\/guiamanresa.net\/votem\/wp-json\/wp\/v2\/pages\/33\/revisions\/429"}],"wp:attachment":[{"href":"http:\/\/guiamanresa.net\/votem\/wp-json\/wp\/v2\/media?parent=33"}],"curies":[{"name":"wp","href":"https:\/\/api.w.org\/{rel}","templated":true}]}}