{"id":58,"date":"2014-05-30T18:04:55","date_gmt":"2014-05-30T16:04:55","guid":{"rendered":"http:\/\/guiamanresa.net\/votem\/?page_id=58"},"modified":"2014-06-28T09:29:56","modified_gmt":"2014-06-28T07:29:56","slug":"caravanes","status":"publish","type":"page","link":"http:\/\/guiamanresa.net\/votem\/caravanes\/","title":{"rendered":"Caravanes"},"content":{"rendered":"<p style=\"text-align: center;\"><strong><span style=\"color: #ff9900;\">DEFINICI\u00d3 CAP\u00c7ALERES i CERCAVILES<\/span><\/strong><\/p>\n<p>HORARIS:<\/p>\n<p>9 hores del mat\u00ed. Concentraci\u00f3 a les cap\u00e7aleres<br \/>\n2\/4 de 10 del mat\u00ed . Sortida de les caravanes de vehicles<br \/>\n2\/4 d\u201911 del mat\u00ed. Arribada de la gent de les caravanes als punts d\u2019inici dels Cercaviles. Gent de Manresa i les entitats de Cultura popular els donen la benvinguda.<br \/>\n11 hores del mat\u00ed. Inici dels Cercaviles &#8211; Itineraris<br \/>\n1) Pla\u00e7a Valldaura \u2013 Carrer Urgell \u2013 Born \u2013 Plana de l\u2019Om<br \/>\n2) Pla\u00e7a de Crist Rei &#8211; Passeig de Pere III \u2013 Pla\u00e7a Sant Dom\u00e8nec \u2013 Born \u2013 Plana de l\u2019Om.<br \/>\n3) Pla\u00e7a Major \u2013 carrer de Sant Miquel \u2013 Plana de l\u2019Om.<br \/>\n2\/4 de 12 del mat\u00ed: Concentraci\u00f3 de Cercaviles a La Plana de l\u2019Om i sortida cap a la Pla\u00e7a de la Reforma.<\/p>\n<p><a href=\"http:\/\/guiamanresa.net\/votem\/aparcaments\/\">&gt; Aparcaments<\/a><\/p>\n<p><strong><em><span style=\"color: #ff6600;\">1) CAP\u00c7ALERES DE PONENT \u2013 CERCAVILA DE VALLDAURA<br \/>\n<\/span><\/em><\/strong><br \/>\n<strong>Branca 1:<\/strong> Concentraci\u00f3 a Cardona. Recull gent del Solson\u00e8s, Pal\u00e0, Colonia Valls, S\u00faria, Call\u00fas, Sant Mart\u00ed de Torroella i Sant Joan de Vilatorrada.<br \/>\n<strong>Branca 2:<\/strong> Camps, Fonollosa, Rajadell, Fals,<br \/>\nConflueixen les dues branques a Sant Joan de Vilatorrada (lloc de concentraci\u00f3?)i marxen juntes cap a Manresa, al punt de inici del Cercavila de la PLA\u00c7A DE VALLDAURA<br \/>\n<strong>Branca 3:<\/strong> Recull gent de l\u2019Anoia, Maians, Castellfollit del Boix, Sant Salvador de Guardiola i es dirigeixen cal el punt d\u2019inici del Cercavila de la PLA\u00c7A VALLDAURA<br \/>\nAparcament a utilitzar preferentment: 4 cantons (175 places).<\/p>\n<p><em><strong><span style=\"color: #ff6600;\">2) CAP\u00c7ALERA LLOBREGAT NORD- PLA\u00c7A DE CRIST REI<br \/>\n<\/span><\/strong><\/em><br \/>\n<strong>Branca 1:<\/strong> Concentraci\u00f3 a Nav\u00e0s. Recull gent del bergad\u00e0 , Balsareny, Sallent.<br \/>\n<strong>Branca 2:<\/strong> Castellnou i Santpedor<\/p>\n<p>Conflueixen al Parc de l\u2019Agulla i es dirigeixen al punt d\u2019inici del Cercavila de la PLA\u00c7A DE CRIST REI.<br \/>\nAparcament a utilitzar preferentment: Puigmercadal (75 places) i P\u00e7a Milcentenari (65 places)<\/p>\n<p><em><strong><span style=\"color: #ff6600;\">3) CAP\u00c7ALERA GAVARRESA-MOIAN\u00c8S \u2013 CERCAVILA P\u00c7A MAJOR<br \/>\n<\/span><\/strong><\/em><br \/>\n<strong>Branca 1:<\/strong> Recull gent de Sant Feliu Saserra, Santa Mar\u00eda d\u2019Ol\u00f3, Aviny\u00f3, Art\u00e9s<br \/>\n<strong>Branca 2:<\/strong> Moi\u00e0, Calders, Monistrol de Calders, Sant Fruit\u00f3s<br \/>\n<strong>Branca 3:<\/strong> Talamanca, Mura, Navarcles<\/p>\n<p>Conflueixen a Sant Fruit\u00f3s (lloc a decidir) i es dirigeixen al punt d\u2019inici del Cercavila de la PLA\u00c7A MAJOR.<br \/>\nAparcament a utilitzar preferentment: Centre Hist\u00f2ric (135 places).<\/p>\n<p><em><strong><span style=\"color: #ff6600;\">4) CAP\u00c7ALERA LLOBREGAT SUD \u2013 CERCAVILA PLA\u00c7A MAJOR<br \/>\n<\/span><\/strong><\/em><br \/>\n<strong>Branca 1:<\/strong> Monistrol de Montserrat, Castellbell i el Vilar, Sant Vicen\u00e7 de Castellet, Castellgal\u00ed.<br \/>\n<strong>Branca 2:<\/strong> Rocafort, Pont de Vilomara.<br \/>\nLes caravanes de les dues branques es dirigeixen cap el punt d\u2019inici del Cercavila de la PLA\u00c7A MAJOR<\/p>\n<p>Aparcament a utilitzar preferentment: Centre Hist\u00f2ric (135 places)<\/p>\n<p>&nbsp;<\/p>\n<p>&nbsp;<\/p>\n<p>&nbsp;<\/p>\n<!-- AddThis Advanced Settings generic via filter on the_content -->","protected":false},"excerpt":{"rendered":"<p>DEFINICI\u00d3 CAP\u00c7ALERES i CERCAVILES HORARIS: 9 hores del mat\u00ed. Concentraci\u00f3 a les cap\u00e7aleres 2\/4 de 10 del mat\u00ed . Sortida de les caravanes de vehicles 2\/4 d\u201911 del mat\u00ed. Arribada de la gent de les caravanes als punts d\u2019inici dels &hellip; <a href=\"http:\/\/guiamanresa.net\/votem\/caravanes\/\">Continua llegint <span class=\"meta-nav\">&rarr;<\/span><\/a><!-- AddThis Advanced Settings generic via filter on wp_trim_excerpt --><\/p>\n","protected":false},"author":1,"featured_media":0,"parent":0,"menu_order":0,"comment_status":"closed","ping_status":"closed","template":"","meta":{"ngg_post_thumbnail":0,"footnotes":""},"yoast_head":"<!-- This site is optimized with the Yoast SEO plugin v22.8 - https:\/\/yoast.com\/wordpress\/plugins\/seo\/ -->\n<title>Caravanes - VOTEM !!!<\/title>\n<meta name=\"robots\" content=\"index, follow, max-snippet:-1, max-image-preview:large, max-video-preview:-1\" \/>\n<link rel=\"canonical\" href=\"http:\/\/guiamanresa.net\/votem\/caravanes\/\" \/>\n<meta property=\"og:locale\" content=\"ca_ES\" \/>\n<meta property=\"og:type\" content=\"article\" \/>\n<meta property=\"og:title\" content=\"Caravanes - VOTEM !!!\" \/>\n<meta property=\"og:description\" content=\"DEFINICI\u00d3 CAP\u00c7ALERES i CERCAVILES HORARIS: 9 hores del mat\u00ed. Concentraci\u00f3 a les cap\u00e7aleres 2\/4 de 10 del mat\u00ed . Sortida de les caravanes de vehicles 2\/4 d\u201911 del mat\u00ed. Arribada de la gent de les caravanes als punts d\u2019inici dels &hellip; Continua llegint &rarr;\" \/>\n<meta property=\"og:url\" content=\"http:\/\/guiamanresa.net\/votem\/caravanes\/\" \/>\n<meta property=\"og:site_name\" content=\"VOTEM !!!\" \/>\n<meta property=\"article:modified_time\" content=\"2014-06-28T07:29:56+00:00\" \/>\n<meta name=\"twitter:label1\" content=\"Temps estimat de lectura\" \/>\n\t<meta name=\"twitter:data1\" content=\"2 minuts\" \/>\n<script type=\"application\/ld+json\" class=\"yoast-schema-graph\">{\"@context\":\"https:\/\/schema.org\",\"@graph\":[{\"@type\":\"WebPage\",\"@id\":\"http:\/\/guiamanresa.net\/votem\/caravanes\/\",\"url\":\"http:\/\/guiamanresa.net\/votem\/caravanes\/\",\"name\":\"Caravanes - VOTEM !!!\",\"isPartOf\":{\"@id\":\"http:\/\/guiamanresa.net\/votem\/#website\"},\"datePublished\":\"2014-05-30T16:04:55+00:00\",\"dateModified\":\"2014-06-28T07:29:56+00:00\",\"breadcrumb\":{\"@id\":\"http:\/\/guiamanresa.net\/votem\/caravanes\/#breadcrumb\"},\"inLanguage\":\"ca\",\"potentialAction\":[{\"@type\":\"ReadAction\",\"target\":[\"http:\/\/guiamanresa.net\/votem\/caravanes\/\"]}]},{\"@type\":\"BreadcrumbList\",\"@id\":\"http:\/\/guiamanresa.net\/votem\/caravanes\/#breadcrumb\",\"itemListElement\":[{\"@type\":\"ListItem\",\"position\":1,\"name\":\"Home\",\"item\":\"http:\/\/guiamanresa.net\/votem\/\"},{\"@type\":\"ListItem\",\"position\":2,\"name\":\"Caravanes\"}]},{\"@type\":\"WebSite\",\"@id\":\"http:\/\/guiamanresa.net\/votem\/#website\",\"url\":\"http:\/\/guiamanresa.net\/votem\/\",\"name\":\"VOTEM !!!\",\"description\":\"Vine a dir-ho alt i clar: volem votar!\",\"potentialAction\":[{\"@type\":\"SearchAction\",\"target\":{\"@type\":\"EntryPoint\",\"urlTemplate\":\"http:\/\/guiamanresa.net\/votem\/?s={search_term_string}\"},\"query-input\":\"required name=search_term_string\"}],\"inLanguage\":\"ca\"}]}<\/script>\n<!-- \/ Yoast SEO plugin. -->","yoast_head_json":{"title":"Caravanes - VOTEM !!!","robots":{"index":"index","follow":"follow","max-snippet":"max-snippet:-1","max-image-preview":"max-image-preview:large","max-video-preview":"max-video-preview:-1"},"canonical":"http:\/\/guiamanresa.net\/votem\/caravanes\/","og_locale":"ca_ES","og_type":"article","og_title":"Caravanes - VOTEM !!!","og_description":"DEFINICI\u00d3 CAP\u00c7ALERES i CERCAVILES HORARIS: 9 hores del mat\u00ed. Concentraci\u00f3 a les cap\u00e7aleres 2\/4 de 10 del mat\u00ed . Sortida de les caravanes de vehicles 2\/4 d\u201911 del mat\u00ed. Arribada de la gent de les caravanes als punts d\u2019inici dels &hellip; Continua llegint &rarr;","og_url":"http:\/\/guiamanresa.net\/votem\/caravanes\/","og_site_name":"VOTEM !!!","article_modified_time":"2014-06-28T07:29:56+00:00","twitter_misc":{"Temps estimat de lectura":"2 minuts"},"schema":{"@context":"https:\/\/schema.org","@graph":[{"@type":"WebPage","@id":"http:\/\/guiamanresa.net\/votem\/caravanes\/","url":"http:\/\/guiamanresa.net\/votem\/caravanes\/","name":"Caravanes - VOTEM !!!","isPartOf":{"@id":"http:\/\/guiamanresa.net\/votem\/#website"},"datePublished":"2014-05-30T16:04:55+00:00","dateModified":"2014-06-28T07:29:56+00:00","breadcrumb":{"@id":"http:\/\/guiamanresa.net\/votem\/caravanes\/#breadcrumb"},"inLanguage":"ca","potentialAction":[{"@type":"ReadAction","target":["http:\/\/guiamanresa.net\/votem\/caravanes\/"]}]},{"@type":"BreadcrumbList","@id":"http:\/\/guiamanresa.net\/votem\/caravanes\/#breadcrumb","itemListElement":[{"@type":"ListItem","position":1,"name":"Home","item":"http:\/\/guiamanresa.net\/votem\/"},{"@type":"ListItem","position":2,"name":"Caravanes"}]},{"@type":"WebSite","@id":"http:\/\/guiamanresa.net\/votem\/#website","url":"http:\/\/guiamanresa.net\/votem\/","name":"VOTEM !!!","description":"Vine a dir-ho alt i clar: volem votar!","potentialAction":[{"@type":"SearchAction","target":{"@type":"EntryPoint","urlTemplate":"http:\/\/guiamanresa.net\/votem\/?s={search_term_string}"},"query-input":"required name=search_term_string"}],"inLanguage":"ca"}]}},"_links":{"self":[{"href":"http:\/\/guiamanresa.net\/votem\/wp-json\/wp\/v2\/pages\/58"}],"collection":[{"href":"http:\/\/guiamanresa.net\/votem\/wp-json\/wp\/v2\/pages"}],"about":[{"href":"http:\/\/guiamanresa.net\/votem\/wp-json\/wp\/v2\/types\/page"}],"author":[{"embeddable":true,"href":"http:\/\/guiamanresa.net\/votem\/wp-json\/wp\/v2\/users\/1"}],"replies":[{"embeddable":true,"href":"http:\/\/guiamanresa.net\/votem\/wp-json\/wp\/v2\/comments?post=58"}],"version-history":[{"count":9,"href":"http:\/\/guiamanresa.net\/votem\/wp-json\/wp\/v2\/pages\/58\/revisions"}],"predecessor-version":[{"id":441,"href":"http:\/\/guiamanresa.net\/votem\/wp-json\/wp\/v2\/pages\/58\/revisions\/441"}],"wp:attachment":[{"href":"http:\/\/guiamanresa.net\/votem\/wp-json\/wp\/v2\/media?parent=58"}],"curies":[{"name":"wp","href":"https:\/\/api.w.org\/{rel}","templated":true}]}}